{"id":4459,"date":"2021-09-14T17:12:23","date_gmt":"2021-09-14T15:12:23","guid":{"rendered":"https:\/\/citricsterresdelebre.com\/aviso-de-cookies\/"},"modified":"2021-09-14T17:17:18","modified_gmt":"2021-09-14T15:17:18","slug":"aviso-de-cookies","status":"publish","type":"page","link":"https:\/\/citricsterresdelebre.com\/es\/aviso-de-cookies\/","title":{"rendered":"Aviso de Cookies"},"content":{"rendered":"<div class=\"wpb-content-wrapper\"><p>[vc_row wrap_container=&#8221;yes&#8221; el_class=&#8221;p-t-xxl p-b-md&#8221;][vc_column][vc_column_text]Los informamos que para un correcto funcionamiento de la web https:\/\/citricsterresdelebre.com, el sistema de navegaci\u00f3n utiliza algunos datos de navegaci\u00f3n (\u201cCookies\u201d) para poder ofrecer un servicio m\u00e1s personalizado a los usuarios de la web. Las \u201cCookies\u201d son peque\u00f1os archivos de texto que el navegador guarda cuando se navega por p\u00e1ginas web y aplicaciones. Se puede obtener la informaci\u00f3n de la direcci\u00f3n IP que utiliza el ordenador para conectarse a la p\u00e1gina web, la direcci\u00f3n URL de la p\u00e1gina web solicitada, la hora de la conexi\u00f3n y otros par\u00e1metros relativos al sistema operativo del entorno inform\u00e1tico del usuario. Esta informaci\u00f3n tan solo se recoge para identificar la sesi\u00f3n con el objetivo de facilitar el an\u00e1lisis de la p\u00e1gina web.<\/p>\n<p>CITRICS TERRES DE L&#8217;EBRE, S.A.T. en su web\u00a0 utiliza \u201ccookies\u201d de terceros:<\/p>\n<ul>\n<li>Cookies anal\u00edticas : y en concreto de\u00a0Google\u00a0Analytics; que es un servicio de estad\u00edsticas de p\u00e1ginas web que ofrece Google, Inc. Google\u00a0Analytics\u00a0recoge informaci\u00f3n del equipo del usuario para obtener\u00a0 informes sobre la actividad de la aplicaci\u00f3n; guardando la informaci\u00f3n almacenada en servidores de los Estados Unidos.<\/li>\n<\/ul>\n<p>Se informa el usuario que Google podr\u00e1 transmitir esta informaci\u00f3n a terceros cuando as\u00ed lo requiera la ley, o cuando estos terceros procesen la informaci\u00f3n por cuenta de Google. Google no asociar\u00e1 la direcci\u00f3n de IP del usuario con otro dato de que dispongan, y por tanto lo har\u00e1n totalmente de forma an\u00f3nima.<\/p>\n<p>Para rehusar o eliminar esta \u201ccookie\u201d\u00a0se puede consultar la siguiente direcci\u00f3n:<\/p>\n<p><a href=\"http:\/\/www.google.com\/intl\/ca\/policies\/privacy\/\" target=\"_blank\" rel=\"noopener noreferrer\">http:\/\/www.google.com\/intl\/ca\/policies\/privacy\/<\/a><\/p>\n<p><a href=\"http:\/\/www.google.com\/intl\/en\/privacypolicy.html\" target=\"_blank\" rel=\"noopener noreferrer\">http:\/\/www.google.com\/intl\/en\/privacypolicy.html<\/a><\/p>\n<p>En virtud de la normativa de Protecci\u00f3n de Datos de Car\u00e1cter Personal, por la presente autoriza al hecho que los datos personales facilitados sean incorporados en un fichero denominado Redes sociales y marketing\u00a0 responsabilidad de CITRICS TERRES DE L&#8217;EBRE, S.A.T., NIF: V43923614.<\/p>\n<p>La finalidad de este tratamiento es la gesti\u00f3n y control de las redes sociales que se disponen as\u00ed como de los usuarios que interactuan en la web y la informaci\u00f3n que se obtiene. Estos datos\u00a0 ser\u00e1n transmitidos\u00a0 por las empresas gestoras de las cookies y ser\u00e1n conservados seg\u00fan los par\u00e1metros de estas entidades.<\/p>\n<p>En cualquier caso podr\u00e1 indicar la revocaci\u00f3n del consentimiento otorgado, as\u00ed como ejercitar los derechos de acceso, rectificaci\u00f3n o supresi\u00f3n, la limitaci\u00f3n del tratamiento u oponerse, as\u00ed como el derecho a la portabilidad de los datos. Estas peticiones ser\u00e1 necesario que se realicen en: C. de l&#8217;Escola, 53, 43897 CAMPRED\u00d3 (TARRAGONA).<\/p>\n<p>As\u00ed mismo podr\u00e1 presentar una reclamaci\u00f3n ante la Agencia Espa\u00f1ola de Protecci\u00f3n de Datos.<\/p>\n<h4>DESACTIVACI\u00d3N Y BLOQUEO DE LAS COOKIES<\/h4>\n<p>En cualquier caso, el usuario puede habilitar la opci\u00f3n de su propio sistema de navegaci\u00f3n para no permitir la instalaci\u00f3n de cookies; sin que en ning\u00fan caso CITRICS TERRES DE L&#8217;EBRE, S.A.T. pueda ser responsable que la inhabilitaci\u00f3n de Cookies comporte que algunos de los servicios que ofrece esta web no funcione correctamente.<\/p>\n<p>En los siguientes enlaces, podr\u00e1 encontrar instrucciones que lo ayudar\u00e1n a configurar los ajustes de los principales navegadores m\u00e1s utilizados.<\/p>\n<table>\n<tbody>\n<tr>\n<td width=\"115\">Internet Explorer:<\/td>\n<td width=\"492\"><a href=\"https:\/\/support.microsoft.com\/es-es\/help\/17442\/windows-internet-explorer-delete-manage-cookies\" target=\"_blank\" rel=\"noopener noreferrer\">https:\/\/support.microsoft.com\/es-es\/help\/17442\/windows-internet-explorer-delete-manage-cookies<\/a><\/td>\n<\/tr>\n<tr>\n<td width=\"115\">Google Chrome:<\/td>\n<td width=\"492\"><a href=\"https:\/\/support.google.com\/chrome\/answer\/95647?hl=es\" target=\"_blank\" rel=\"noopener noreferrer\">https:\/\/support.google.com\/chrome\/answer\/95647?hl=es<\/a><\/td>\n<\/tr>\n<tr>\n<td width=\"115\">Mozilla Firefox:<\/td>\n<td width=\"492\"><a href=\"https:\/\/support.mozilla.org\/t5\/Cookies-y-cach%C3%A9\/Habilitar-y-deshabilitar-cookies-que-los-sitios-web-utilizan\/ta-p\/13811\" target=\"_blank\" rel=\"noopener noreferrer\">https:\/\/support.mozilla.org\/t5\/Cookies-y-cach%C3%A9\/Habilitar-y-deshabilitar-cookies-que-los-sitios-web-utilizan\/ta-p\/13811<\/a><\/td>\n<\/tr>\n<tr>\n<td width=\"115\">Safari:<\/td>\n<td width=\"492\"><a href=\"https:\/\/support.apple.com\/kb\/ph21411?locale=es_ES\" target=\"_blank\" rel=\"noopener noreferrer\">https:\/\/support.apple.com\/kb\/ph21411?locale=es_ES<\/a><\/td>\n<\/tr>\n<tr>\n<td width=\"115\">Safari para IOS (Iphone, IPad):<\/td>\n<td width=\"492\"><a href=\"http:\/\/support.apple.com\/kb\/ht1677?viewlocale=es_es&amp;locale=es_es\" target=\"_blank\" rel=\"noopener noreferrer\">http:\/\/support.apple.com\/kb\/ht1677?viewlocale=es_es&amp;locale=es_es<\/a><\/td>\n<\/tr>\n<tr>\n<td width=\"115\">Chrome para Android:<\/td>\n<td width=\"492\"><a href=\"https:\/\/support.google.com\/chrome\/answer\/2392971?hl=es\" target=\"_blank\" rel=\"noopener noreferrer\">https:\/\/support.google.com\/chrome\/answer\/2392971?hl=es<\/a><\/td>\n<\/tr>\n<\/tbody>\n<\/table>\n<p>Si desea m\u00e1s informaci\u00f3n sobre las cookies y su manera de deshabilitarlas seg\u00fan su sistema de navegaci\u00f3n puede consultar los siguientes ENLACES: <a href=\"http:\/\/www.aboutcookies.org\/\" target=\"_blank\" rel=\"noopener noreferrer\">www.aboutcookies.org<\/a>\u00a0y\u00a0<a href=\"http:\/\/www.aboutcookies.org\/Default.aspx?page=1\" target=\"_blank\" rel=\"noopener noreferrer\">http:\/\/www.aboutcookies.org\/Default.aspx?page=1<\/a><\/p>\n<p>En caso contrario, y habiendo informado CITRICS TERRES DE L&#8217;EBRE, S.A.T. del uso de cookies, y sin que estas hayan sido inhabilitadas implica que el usuario da\u00a0 su consentimiento al tratamiento de datos por Google en la forma prevista en este aviso y para las finalidades aqu\u00ed descritas.<\/p>\n<p>En caso de duda o de cualquier comentario, se puede dirigir a CITRICS TERRES DE L&#8217;EBRE, S.A.T. a trav\u00e9s de sus medios de atenci\u00f3n al p\u00fablico o bien comunicarse con nosotros a trav\u00e9s de: info@citricsterresdelebre.com.[\/vc_column_text][\/vc_column][\/vc_row]<\/p>\n<\/div>","protected":false},"excerpt":{"rendered":"<p>[vc_row wrap_container=&#8221;yes&#8221; el_class=&#8221;p-t-xxl p-b-md&#8221;][vc_column][vc_column_text]Los informamos que para un correcto funcionamiento de la web https:\/\/citricsterresdelebre.com, el sistema de navegaci\u00f3n utiliza algunos datos de navegaci\u00f3n (\u201cCookies\u201d) para poder ofrecer un servicio m\u00e1s personalizado a los usuarios de la web. Las \u201cCookies\u201d son peque\u00f1os archivos de texto que el navegador guarda cuando se navega por p\u00e1ginas web y [&hellip;]<\/p>\n","protected":false},"author":1,"featured_media":0,"parent":0,"menu_order":0,"comment_status":"closed","ping_status":"closed","template":"","meta":{"footnotes":""},"class_list":["post-4459","page","type-page","status-publish","hentry"],"_links":{"self":[{"href":"https:\/\/citricsterresdelebre.com\/es\/wp-json\/wp\/v2\/pages\/4459","targetHints":{"allow":["GET"]}}],"collection":[{"href":"https:\/\/citricsterresdelebre.com\/es\/wp-json\/wp\/v2\/pages"}],"about":[{"href":"https:\/\/citricsterresdelebre.com\/es\/wp-json\/wp\/v2\/types\/page"}],"author":[{"embeddable":true,"href":"https:\/\/citricsterresdelebre.com\/es\/wp-json\/wp\/v2\/users\/1"}],"replies":[{"embeddable":true,"href":"https:\/\/citricsterresdelebre.com\/es\/wp-json\/wp\/v2\/comments?post=4459"}],"version-history":[{"count":0,"href":"https:\/\/citricsterresdelebre.com\/es\/wp-json\/wp\/v2\/pages\/4459\/revisions"}],"wp:attachment":[{"href":"https:\/\/citricsterresdelebre.com\/es\/wp-json\/wp\/v2\/media?parent=4459"}],"curies":[{"name":"wp","href":"https:\/\/api.w.org\/{rel}","templated":true}]}}