{"id":4395,"date":"2021-09-14T09:25:12","date_gmt":"2021-09-14T07:25:12","guid":{"rendered":"https:\/\/citricsterresdelebre.com\/citrics-terres-de-lebre-sat\/"},"modified":"2024-12-19T11:24:35","modified_gmt":"2024-12-19T10:24:35","slug":"citrics-terres-de-lebre-sat","status":"publish","type":"page","link":"https:\/\/citricsterresdelebre.com\/es\/citrics-terres-de-lebre-sat\/","title":{"rendered":"C\u00edtrics Terres de l&#8217;Ebre SAT"},"content":{"rendered":"<div class=\"wpb-content-wrapper\"><p>[vc_row wrap_container=&#8221;yes&#8221; equal_height=&#8221;yes&#8221; content_placement=&#8221;middle&#8221; css=&#8221;.vc_custom_1603711000984{padding-top: 50px !important;padding-bottom: 0px !important;}&#8221;][vc_column width=&#8221;1\/12&#8243;][\/vc_column][vc_column width=&#8221;10\/12&#8243;]<div class=\"porto-u-heading  wpb_custom_95aa9a11c17ad45cfabaf210d84ee7cc porto-u-8964 \"><div class=\"porto-u-main-heading\"><h2   style=\"font-weight:700;color:rgba(28,28,27,0.8);font-size:22px;\">CITRICS TERRES DE L'EBRE SAT<\/h2><\/div><div class=\"porto-u-sub-heading\" style=\"color: #e84e1b;font-size:17px;letter-spacing:0.7;\">\n<h4 class=\"vc_custom_heading align-left heading-primary\"><strong>PRODUCTORES Y COMERCIALIZADORES DE CLEMENTINAS Y NARANJAS<\/strong><\/h4>\n<p><\/div><style>.porto-u-8964.porto-u-heading{text-align:left}<\/style><\/div>[vc_separator color=&#8221;custom&#8221; align=&#8221;align_left&#8221; border_width=&#8221;2&#8243; el_width=&#8221;10&#8243; style=&#8221;solid&#8221;][\/vc_column][vc_column width=&#8221;1\/12&#8243; css=&#8221;.vc_custom_1603711405979{padding-top: 50px !important;padding-bottom: 50px !important;}&#8221;][\/vc_column][\/vc_row][vc_row wrap_container=&#8221;yes&#8221; equal_height=&#8221;yes&#8221; content_placement=&#8221;top&#8221; css=&#8221;.vc_custom_1603711067078{margin-bottom: 50px !important;padding-top: 0px !important;}&#8221;][vc_column width=&#8221;1\/12&#8243;][\/vc_column][vc_column width=&#8221;6\/12&#8243;][vc_column_text]<span style=\"font-weight: 400;\">Citrics Terres de l\u2019Ebre, SAT CAT es una Organizaci\u00f3n de Productores que agrupa un conjunto de agricultores dedicados al cultivo de c\u00edtricos (clementinas y naranjas), todas las fincas situadas en les Terres de l\u2019Ebre (Tarragona).<\/span><\/p>\n<p><span style=\"font-weight: 400;\">El a\u00f1o 2008 en un momento de crisis general un grupo de agricultores emprendedores unieron sus fuerzas para comercializar sus propios productos y poder llegar directamente al consumidor final.<\/span><\/p>\n<p><span style=\"font-weight: 400;\">La comercializaci\u00f3n de c\u00edtricos necesita, que el paso del \u00e1rbol al consumidor, sea lo m\u00e1s r\u00e1pido posible. Mediante esta uni\u00f3n, nuestros agricultores producen y comercializan sus c\u00edtricos directamente.<\/span><\/p>\n<p><span style=\"font-weight: 400;\">Nuestra Organizaci\u00f3n de Productores dispone de diferentes certificaciones de calidad donde se validan las propiedades de nuestros productos, el trabajo en el momento de su producci\u00f3n y comercializaci\u00f3n, as\u00ed como las condiciones laborales de nuestros trabajadores.<\/span><\/p>\n<p>.[\/vc_column_text][\/vc_column][vc_column width=&#8221;4\/12&#8243; css=&#8221;.vc_custom_1603704095742{padding-top: 50px !important;padding-bottom: 50px !important;background-color: #f7f7f7 !important;}&#8221;]<div class=\"porto-u-heading  wpb_custom_95aa9a11c17ad45cfabaf210d84ee7cc porto-u-7434 \"><div class=\"porto-u-main-heading\"><h2   style=\"font-weight:700;color:rgba(28,28,27,0.8);font-size:19px;\">PRODUCCI\u00d3N ANUAL<\/h2><\/div><style>.porto-u-7434.porto-u-heading{text-align:left}<\/style><\/div>[vc_separator align=&#8221;align_left&#8221; border_width=&#8221;2&#8243; el_width=&#8221;20&#8243; style=&#8221;solid&#8221;]<div class=\"stats-block stats-left  inline-block  wpb_custom_a517333ace5b1666c6af8bd4684f1de9  vc_custom_1603703756314\"><div class=\"stats-desc\"><div id=\"counter_17601221636a05cc05bf8ba\" data-id=\"counter_17601221636a05cc05bf8ba\" class=\"stats-number\" style=\" font-weight:800;font-size:32px;line-height:32px;color:#e84e1b;\" data-speed=\"2\" data-counter-value=\"15000000\" data-separator=\".\" data-decimal=\",\">0<\/div><div class=\"counter_suffix mycust\" style=\" font-weight:800;font-size:32px;line-height:32px;color:#e84e1b\">+<\/div><div class=\"stats-text\" style=\"font-weight:600;font-size:14px;line-height:25px;color:#7b858a;\">KG DE MANDARINAS<\/div><\/div><\/div><div class=\"stats-block stats-left  inline-block  wpb_custom_a517333ace5b1666c6af8bd4684f1de9  vc_custom_1603703766272\"><div class=\"stats-desc\"><div id=\"counter_7746817776a05cc05bfc83\" data-id=\"counter_7746817776a05cc05bfc83\" class=\"stats-number\" style=\" font-weight:800;font-size:32px;line-height:32px;color:#e84e1b;\" data-speed=\"2\" data-counter-value=\"5000000\" data-separator=\".\" data-decimal=\",\">0<\/div><div class=\"counter_suffix mycust\" style=\" font-weight:800;font-size:32px;line-height:32px;color:#e84e1b\">+<\/div><div class=\"stats-text\" style=\"font-weight:600;font-size:14px;line-height:25px;color:#7b858a;\">KG DE NARANJAS<\/div><\/div><\/div>[\/vc_column][vc_column width=&#8221;1\/12&#8243;][\/vc_column][\/vc_row][vc_row wrap_container=&#8221;yes&#8221; animation_type=&#8221;fadeInUp&#8221; el_class=&#8221;p-b-md&#8221; css=&#8221;.vc_custom_1603698359961{padding-top: 40px !important;padding-bottom: 40px !important;background-color: #f7f7f7 !important;}&#8221;][vc_column width=&#8221;1\/3&#8243; css=&#8221;.vc_custom_1603693026809{padding-top: 40px !important;padding-bottom: 40px !important;}&#8221;]<div class=\"porto-sicon-box  wpb_custom_21a5828c81975962f5c68f25d589f05e style_1 top-icon\"><div class=\"porto-sicon-top\"><div id=\"porto-icon-15999480566a05cc05c06cd\" class=\"porto-just-icon-wrapper porto-sicon-img\" style=\"font-size: 64px;\"><img decoding=\"async\" class=\"img-icon\" alt=\"Producci\u00f3 Pr\u00f2pia\" src=\"https:\/\/citricsterresdelebre.com\/wp-content\/uploads\/2020\/10\/produccio-propia.png\" width=\"128\" height=\"128\" \/><\/div><\/div><div class=\"porto-sicon-header\"><h3 class=\"porto-sicon-title\" style=\"font-weight:600;font-size:16px;\">PRODUCCI\u00d3N PROPIA<\/h3><\/div> <!-- header --><div class=\"porto-sicon-description\" style=\"font-size:14px;line-height:22px;color:rgba(28,28,27,0.8);\"><span style=\"font-weight: 400;\">Nuestras <strong>clementinas y naranjas<\/strong> son todas de fincas situadas <strong>en Terres de l\u2019Ebre<\/strong> (Tarragona), Reserva de la Biosfera i IGP Clementines de les Terres de l\u2019Ebre.<\/span><\/p>\n<p><\/div> <!-- description --><\/div><!-- porto-sicon-box -->[\/vc_column][vc_column width=&#8221;1\/3&#8243; css=&#8221;.vc_custom_1603693033442{padding-top: 40px !important;padding-bottom: 40px !important;}&#8221;]<div class=\"porto-sicon-box  wpb_custom_21a5828c81975962f5c68f25d589f05e style_1 top-icon\"><div class=\"porto-sicon-top\"><div id=\"porto-icon-18779627016a05cc05c113c\" class=\"porto-just-icon-wrapper porto-sicon-img\" style=\"font-size: 64px;\"><img decoding=\"async\" class=\"img-icon\" alt=\"Producci\u00f3 Integrada\" src=\"https:\/\/citricsterresdelebre.com\/wp-content\/uploads\/2020\/10\/produccio-integrada.png\" width=\"128\" height=\"128\" \/><\/div><\/div><div class=\"porto-sicon-header\"><h3 class=\"porto-sicon-title\" style=\"font-weight:600;font-size:16px;\">PRODUCCI\u00d3N INTEGRADA<\/h3><\/div> <!-- header --><div class=\"porto-sicon-description\" style=\"font-size:14px;line-height:22px;color:rgba(28,28,27,0.8);\"><span style=\"font-weight: 400;\">Utilizamos m\u00e9todos de producci\u00f3n respetuosos con el <strong>medio ambiente<\/strong> y la <strong>salud humana<\/strong>. Garantizamos la <strong>trazabilidad<\/strong> del producto.<\/span><\/div> <!-- description --><\/div><!-- porto-sicon-box -->[\/vc_column][vc_column width=&#8221;1\/3&#8243; css=&#8221;.vc_custom_1603693039427{padding-top: 40px !important;padding-bottom: 40px !important;}&#8221;]<div class=\"porto-sicon-box  wpb_custom_21a5828c81975962f5c68f25d589f05e style_1 top-icon\"><div class=\"porto-sicon-top\"><div id=\"porto-icon-7509531626a05cc05c1aa5\" class=\"porto-just-icon-wrapper porto-sicon-img\" style=\"font-size: 64px;\"><img decoding=\"async\" class=\"img-icon\" alt=\"Producte de Proximitat\" src=\"https:\/\/citricsterresdelebre.com\/wp-content\/uploads\/2020\/10\/producte-de-proximitat.png\" width=\"128\" height=\"128\" \/><\/div><\/div><div class=\"porto-sicon-header\"><h3 class=\"porto-sicon-title\" style=\"font-weight:600;font-size:16px;\">PRODUCTO DE PROXIMIDAD<\/h3><\/div> <!-- header --><div class=\"porto-sicon-description\" style=\"font-size:14px;line-height:22px;color:rgba(28,28,27,0.8);\"><span style=\"font-weight: 400;\">Apostamos por la <strong>venta de proximidad km0<\/strong>. Encontrar\u00e1s nuestros productos en los principales lineales de los supermercados.<\/span><\/div> <!-- description --><\/div><!-- porto-sicon-box -->[\/vc_column][\/vc_row][vc_row full_width=&#8221;stretch_row_content_no_spaces&#8221; wrap_container=&#8221;yes&#8221; content_placement=&#8221;middle&#8221; css=&#8221;.vc_custom_1604219833808{padding-top: 50px !important;padding-bottom: 50px !important;background-position: center !important;background-repeat: no-repeat !important;background-size: cover !important;}&#8221;][vc_column width=&#8221;1\/12&#8243;][\/vc_column][vc_column width=&#8221;4\/12&#8243;][vc_gallery type=&#8221;image_grid&#8221; images=&#8221;4275,4277,4279,4281,4283,4285&#8243;][\/vc_column][vc_column width=&#8221;6\/12&#8243;]<div class=\"porto-u-heading  wpb_custom_95aa9a11c17ad45cfabaf210d84ee7cc porto-u-4501 \"><div class=\"porto-u-main-heading\"><h2   style=\"font-weight:700;color:rgba(28,28,27,0.8);font-size:22px;\">NUESTRAS INSTALACIONES<\/h2><\/div><style>.porto-u-4501.porto-u-heading{text-align:left}<\/style><\/div>[vc_separator align=&#8221;align_left&#8221; border_width=&#8221;2&#8243; el_width=&#8221;20&#8243; style=&#8221;solid&#8221;][vc_column_text]<span style=\"font-weight: 400;\">Las instalaciones est\u00e1n situadas en<strong> Campred\u00f3 (Tarragona)<\/strong> concretamente en la calle de l\u2019Escola, 53 a 2 kilometros de l\u2019Autovia C-42 Tortosa-l\u2019Aldea. La situaci\u00f3n del almac\u00e9n es perfecta ya que est\u00e1 cerca de la mayor\u00eda de parcelas de cultivo de los socios-proveedores. Esta situaci\u00f3n reduce el tiempo de transporte desde el campo hasta el almacen. Adem\u00e1s, el hecho de tener las instalaciones bien situadas, permite estar cerca de las comunicaciones que conectan a Europa o muelles portuarios de Tarragona, Castell\u00f3n y Valencia para la exportaci\u00f3n hacia ultramar.<\/span><\/p>\n<p><span style=\"font-weight: 400;\">La superficie construida de la nave s\u00f3n 4.785m<\/span><span style=\"font-weight: 400;\">2<\/span><span style=\"font-weight: 400;\"> y la superficie de la parcela es de 25.765m<\/span><span style=\"font-weight: 400;\">2<\/span><\/p>\n<p><span style=\"font-weight: 400;\">Referente a las caracter\u00edsticas del almac\u00e9n indicar que es un almac\u00e9n para la confecci\u00f3n y envasado de c\u00edtricos con la \u00faltima tecnolog\u00eda en maquinaria para conseguir dos objetivos claros: alta calidad del producto confeccionado y <strong>rapidez en la distribuci\u00f3n<\/strong> hacia los lugares de destinaci\u00f3n. El almac\u00e9n se adapta a todas las <strong>exigencias medioambientales<\/strong> y de cumplimiento de las nuevas <strong>normativas en seguridad alimentaria<\/strong> actuales.<\/span><br \/>\n[\/vc_column_text][\/vc_column][vc_column width=&#8221;1\/12&#8243;][\/vc_column][\/vc_row][vc_row wrap_container=&#8221;yes&#8221; animation_type=&#8221;fadeInUp&#8221; css=&#8221;.vc_custom_1603711307869{padding-top: 50px !important;padding-bottom: 30px !important;background-color: #f7f7f7 !important;}&#8221;][vc_column]<div class=\"porto-carousel owl-carousel has-ccols ccols-xl-7 ccols-lg-4 ccols-md-3 ccols-sm-2 ccols-1 stage-margin wpb_custom_c86c2fb53cae9eced42d4b8900a042f3\" data-plugin-options=\"{&quot;themeConfig&quot;:true,&quot;stagePadding&quot;:40,&quot;margin&quot;:0,&quot;autoplay&quot;:&quot;yes&quot;,&quot;mouseDrag&quot;:true,&quot;touchDrag&quot;:true,&quot;autoplayTimeout&quot;:5000,&quot;autoplayHoverPause&quot;:false,&quot;items&quot;:7,&quot;xl&quot;:7,&quot;lg&quot;:4,&quot;md&quot;:3,&quot;sm&quot;:2,&quot;xs&quot;:1,&quot;nav&quot;:&quot;yes&quot;,&quot;dots&quot;:false,&quot;animateIn&quot;:&quot;&quot;,&quot;animateOut&quot;:&quot;&quot;,&quot;loop&quot;:&quot;yes&quot;,&quot;center&quot;:false,&quot;video&quot;:false,&quot;lazyLoad&quot;:false,&quot;fullscreen&quot;:false}\">[vc_single_image image=&#8221;4237&#8243; img_size=&#8221;100&#215;100&#8243; alignment=&#8221;center&#8221; onclick=&#8221;custom_link&#8221; img_link_target=&#8221;_blank&#8221; k=&#8221;#&#8221; link=&#8221;https:%2F%2Fwww.citricsterresdelebre.com%2Fwp-content%2Fuploads%2F2020%2F11%2Fcertificat-terres-de-lebre-reserva-de-la-biosfera.pdf|&#8221;][vc_single_image image=&#8221;4235&#8243; img_size=&#8221;100&#215;100&#8243; alignment=&#8221;center&#8221; onclick=&#8221;custom_link&#8221; img_link_target=&#8221;_blank&#8221; link=&#8221;https:%2F%2Fwww.citricsterresdelebre.com%2Fwp-content%2Fuploads%2F2020%2F11%2Fcertificat-indicacio-geografica-protegida-terres-de-lebre.pdf|&#8221;][vc_single_image image=&#8221;4233&#8243; img_size=&#8221;100&#215;100&#8243; alignment=&#8221;center&#8221; onclick=&#8221;custom_link&#8221; img_link_target=&#8221;_blank&#8221; link=&#8221;https:%2F%2Fwww.citricsterresdelebre.com%2Fwp-content%2Fuploads%2F2020%2F11%2Fcertificat-venta-proximitat.pdf|&#8221;][vc_single_image image=&#8221;4315&#8243; img_size=&#8221;100&#215;100&#8243; alignment=&#8221;center&#8221; onclick=&#8221;custom_link&#8221; img_link_target=&#8221;_blank&#8221; link=&#8221;https:%2F%2Fwww.citricsterresdelebre.com%2Fwp-content%2Fuploads%2F2020%2F11%2Fcertificat-ifs.pdf|&#8221;][vc_single_image image=&#8221;5616&#8243; img_size=&#8221;100&#215;100&#8243; alignment=&#8221;center&#8221; onclick=&#8221;custom_link&#8221; img_link_target=&#8221;_blank&#8221; css=&#8221;&#8221; link=&#8221;https:%2F%2Fwww.citricsterresdelebre.com%2Fwp-content%2Fuploads%2F2020%2F11%2Fcertificat-global-gap.pdf|&#8221; label=&#8221;&#8221;][vc_single_image image=&#8221;4317&#8243; img_size=&#8221;100&#215;100&#8243; alignment=&#8221;center&#8221; onclick=&#8221;custom_link&#8221; img_link_target=&#8221;_blank&#8221; link=&#8221;https:%2F%2Fwww.citricsterresdelebre.com%2Fwp-content%2Fuploads%2F2020%2F11%2Fcertificat-brc.pdf|&#8221;][vc_single_image image=&#8221;4319&#8243; img_size=&#8221;100&#215;100&#8243; alignment=&#8221;center&#8221; onclick=&#8221;custom_link&#8221; img_link_target=&#8221;_blank&#8221; link=&#8221;https:%2F%2Fwww.citricsterresdelebre.com%2Fwp-content%2Fuploads%2F2020%2F11%2Fcertificat-grasp.pdf|&#8221;]<\/div>[\/vc_column][\/vc_row][vc_row full_width=&#8221;stretch_row_content_no_spaces&#8221; wrap_container=&#8221;yes&#8221; content_placement=&#8221;middle&#8221; css=&#8221;.vc_custom_1604220012389{padding-top: 50px !important;padding-bottom: 50px !important;background-position: center !important;background-repeat: no-repeat !important;background-size: cover !important;}&#8221;][vc_column width=&#8221;1\/12&#8243;][\/vc_column][vc_column width=&#8221;4\/12&#8243;][vc_gallery type=&#8221;image_grid&#8221; images=&#8221;4287,4289,4291,4293,4295,4297&#8243;][\/vc_column][vc_column width=&#8221;6\/12&#8243;]<div class=\"porto-u-heading  wpb_custom_95aa9a11c17ad45cfabaf210d84ee7cc porto-u-8962 \"><div class=\"porto-u-main-heading\"><h2   style=\"font-weight:700;color:rgba(28,28,27,0.8);font-size:22px;\">EXPLOTACIONES AGR\u00cdCOLAS<\/h2><\/div><style>.porto-u-8962.porto-u-heading{text-align:left}<\/style><\/div>[vc_separator align=&#8221;align_left&#8221; border_width=&#8221;2&#8243; el_width=&#8221;20&#8243; style=&#8221;solid&#8221;][vc_column_text]<span style=\"font-weight: 400;\">Los <strong>campos<\/strong> donde se cultivan nuestras <strong>clementinas y naranjas<\/strong> est\u00e1n localizados en las comarcas del <strong>Baix Ebre y Montsi\u00e0<\/strong> (Tarragona). Estas comarcas est\u00e1n situadas dentro de la <strong>Reserva de la Biosfera<\/strong>, espacio natural y humano que tuvo su reconocimiento por parte de la UNESCO el a\u00f1o 2013. <strong>Certificado que tambi\u00e9n se ha conseguido para nuestros c\u00edtricos<\/strong>.<\/span><\/p>\n<p><span style=\"font-weight: 400;\">Fincas con grandes superficies que permiten homogeneizar el cultivo. Disponemos de <strong>m\u00e1s de 675ha. de cultivo<\/strong>. La SAT tiene el control de la producci\u00f3n y se siguen las normas marcadas para obtener los <strong>resultados m\u00e1s \u00f3ptimos en todas nuestras explotaciones<\/strong>.<\/span>[\/vc_column_text][\/vc_column][vc_column width=&#8221;1\/12&#8243;][\/vc_column][\/vc_row][vc_row wrap_container=&#8221;yes&#8221; animation_type=&#8221;fadeInUp&#8221; css=&#8221;.vc_custom_1603711307869{padding-top: 50px !important;padding-bottom: 30px !important;background-color: #f7f7f7 !important;}&#8221;][vc_column width=&#8221;1\/12&#8243;][\/vc_column][vc_column width=&#8221;6\/12&#8243;]<div class=\"porto-u-heading  wpb_custom_95aa9a11c17ad45cfabaf210d84ee7cc porto-u-6305 \"><div class=\"porto-u-main-heading\"><h2   style=\"font-weight:700;color:rgba(28,28,27,0.8);font-size:22px;\">CALENDARIO VARIETAL<\/h2><\/div><style>.porto-u-6305.porto-u-heading{text-align:left}<\/style><\/div>[vc_separator align=&#8221;align_left&#8221; border_width=&#8221;2&#8243; el_width=&#8221;20&#8243; style=&#8221;solid&#8221;][vc_column_text]<span style=\"font-weight: 400;\">C\u00edtrics Terres de l\u2019Ebre, SAT CAT 1521 dispone de variedades de <strong>clementinas y naranjas<\/strong> que permiten tener un periodo extenso durante todo el a\u00f1o. Con todo ello el producto estrellas de les <strong>Clementines de les Terres de l\u2019Ebre<\/strong> son las clemenules. Inician su recolecci\u00f3n a principios de noviembre hasta finales de febrero. Las condiciones de cultivo y meteorol\u00f3gicas condicionan el tiempo \u00f3ptimo de recolecci\u00f3n.<\/span><\/p>\n<p><span style=\"font-weight: 400;\">Es durante el invierno cuando los c\u00edtricos tienen las mejores condiciones para su consumo. Las clementinas y las naranjas son una excelente fuente de <strong>vitamina C<\/strong> pero tambi\u00e9n de importantes minerales (calcio, magnesio, potasio) que contribuyen a cuidar nuestro organismo, y como no, con un sabor y sensaciones gustativas \u00fanicas.<\/span>[\/vc_column_text][\/vc_column][vc_column width=&#8221;4\/12&#8243;][vc_single_image image=&#8221;4339&#8243; img_size=&#8221;full&#8221; alignment=&#8221;center&#8221; onclick=&#8221;link_image&#8221;][\/vc_column][vc_column width=&#8221;1\/12&#8243;][\/vc_column][\/vc_row]<\/p>\n<\/div>","protected":false},"excerpt":{"rendered":"<p>[vc_row wrap_container=&#8221;yes&#8221; equal_height=&#8221;yes&#8221; content_placement=&#8221;middle&#8221; css=&#8221;.vc_custom_1603711000984{padding-top: 50px !important;padding-bottom: 0px !important;}&#8221;][vc_column width=&#8221;1\/12&#8243;][\/vc_column][vc_column width=&#8221;10\/12&#8243;][vc_separator color=&#8221;custom&#8221; align=&#8221;align_left&#8221; border_width=&#8221;2&#8243; el_width=&#8221;10&#8243; style=&#8221;solid&#8221;][\/vc_column][vc_column width=&#8221;1\/12&#8243; css=&#8221;.vc_custom_1603711405979{padding-top: 50px !important;padding-bottom: 50px !important;}&#8221;][\/vc_column][\/vc_row][vc_row wrap_container=&#8221;yes&#8221; equal_height=&#8221;yes&#8221; content_placement=&#8221;top&#8221; css=&#8221;.vc_custom_1603711067078{margin-bottom: 50px !important;padding-top: 0px !important;}&#8221;][vc_column width=&#8221;1\/12&#8243;][\/vc_column][vc_column width=&#8221;6\/12&#8243;][vc_column_text]Citrics Terres de l\u2019Ebre, SAT CAT es una Organizaci\u00f3n de Productores que agrupa un conjunto de agricultores dedicados al cultivo de c\u00edtricos (clementinas y [&hellip;]<\/p>\n","protected":false},"author":1,"featured_media":0,"parent":0,"menu_order":0,"comment_status":"closed","ping_status":"closed","template":"","meta":{"footnotes":""},"class_list":["post-4395","page","type-page","status-publish","hentry"],"_links":{"self":[{"href":"https:\/\/citricsterresdelebre.com\/es\/wp-json\/wp\/v2\/pages\/4395","targetHints":{"allow":["GET"]}}],"collection":[{"href":"https:\/\/citricsterresdelebre.com\/es\/wp-json\/wp\/v2\/pages"}],"about":[{"href":"https:\/\/citricsterresdelebre.com\/es\/wp-json\/wp\/v2\/types\/page"}],"author":[{"embeddable":true,"href":"https:\/\/citricsterresdelebre.com\/es\/wp-json\/wp\/v2\/users\/1"}],"replies":[{"embeddable":true,"href":"https:\/\/citricsterresdelebre.com\/es\/wp-json\/wp\/v2\/comments?post=4395"}],"version-history":[{"count":1,"href":"https:\/\/citricsterresdelebre.com\/es\/wp-json\/wp\/v2\/pages\/4395\/revisions"}],"predecessor-version":[{"id":5622,"href":"https:\/\/citricsterresdelebre.com\/es\/wp-json\/wp\/v2\/pages\/4395\/revisions\/5622"}],"wp:attachment":[{"href":"https:\/\/citricsterresdelebre.com\/es\/wp-json\/wp\/v2\/media?parent=4395"}],"curies":[{"name":"wp","href":"https:\/\/api.w.org\/{rel}","templated":true}]}}