{"id":4541,"date":"2021-10-19T16:58:10","date_gmt":"2021-10-19T14:58:10","guid":{"rendered":"https:\/\/citricsterresdelebre.com\/legal-advice-and-privacy-policy\/"},"modified":"2021-10-19T16:58:10","modified_gmt":"2021-10-19T14:58:10","slug":"legal-advice-and-privacy-policy","status":"publish","type":"page","link":"https:\/\/citricsterresdelebre.com\/en\/legal-advice-and-privacy-policy\/","title":{"rendered":"Legal Advice and Privacy Policy"},"content":{"rendered":"<div class=\"wpb-content-wrapper\"><p>[vc_row wrap_container=&#8221;yes&#8221; el_class=&#8221;p-t-xxl p-b-md&#8221;][vc_column][vc_column_text]<\/p>\n<h2>INFORMACI\u00d3 LEGAL LSSIYCE<\/h2>\n<p>D\u2019acord amb les obligacions previstes en la Llei 34\/2002, de serveis de la Societat de la Informaci\u00f3 i del comer\u00e7 electr\u00f2nic (d\u2019ara endavant LSSIYCE), CITRICS TERRES DE L\u2019EBRE, S.A.T. manifesta que el domini www.citricsterresdelebre.com \u00e9s propietat de CITRICS TERRES DE L\u2019EBRE, S.A.T. amb CIF V43923614, i domicili en: Carrer de l\u2019Escola, 53, 43897 CAMPRED\u00d3 (TARRAGONA).<\/p>\n<p>CITRICS TERRES DE L\u2019EBRE, S.A.T. no pot assumir cap responsabilitat derivada de l\u2019\u00fas incorrecte, inapropiat o il\u00b7l\u00edcit de la informaci\u00f3 apareguda en les seves p\u00e0gines.<\/p>\n<p>Amb els l\u00edmits establerts en la llei, CITRICS TERRES DE L\u2019EBRE, S.A.T. no assumeix cap responsabilitat derivada de la falta de veracitat, integritat, actualitzaci\u00f3 i precisi\u00f3 de les dades o informacions que es contenen en les seves p\u00e0gines d\u2019Internet. Els continguts i informaci\u00f3 de les p\u00e0gines d\u2019Internet de CITRICS TERRES DE L\u2019EBRE, S.A.T.\u00a0estan elaborats per professionals degudament qualificats per a l\u2019exercici de la seva professi\u00f3. No obstant aix\u00f2, els continguts i informaci\u00f3 no vinculen a la susdita, ni constitueixen opinions, consells o assessorament legal de cap mena, perqu\u00e8 es tracta merament d\u2019un servei ofert amb car\u00e0cter informatiu i divulgatiu.<\/p>\n<p>Les p\u00e0gines d\u2019Internet de CITRICS TERRES DE L\u2019EBRE, S.A.T. poden contenir enlla\u00e7os (links) a altres p\u00e0gines de terceres. Per tant, aquesta no pot assumir responsabilitats pel contingut que pugui apar\u00e8ixer en p\u00e0gines de tercers. Els textos, imatges, sons, animacions, programari i la resta de continguts inclosos en aquest website s\u00f3n propietat exclusiva de CITRICS TERRES DE L\u2019EBRE, S.A.T. o els seus llicenciadors. Qualsevol acte de transmissi\u00f3, distribuci\u00f3, cessi\u00f3, reproducci\u00f3, emmagatzematge o comunicaci\u00f3 p\u00fablica total o parcial, ha de comptar amb el consentiment expr\u00e9s de CITRICS TERRES DE L\u2019EBRE, S.A.T..<\/p>\n<h2>PROTECCI\u00d3 DE DADES PERSONALS<\/h2>\n<p>En virtut de la normativa de Protecci\u00f3 de Dades de Car\u00e0cter Personal, per la present autoritza al fet que les dades personals facilitades siguin incorporats en un fitxer denominat Contactes responsabilitat de CITRICS TERRES DE L\u2019EBRE, S.A.T., CIF: V43923614, i seu social en Carrer de l\u2019Escola, 53, 43897 CAMPRED\u00d3 (TARRAGONA).<\/p>\n<p>La finalitat d\u2019aquest tractament \u00e9s la gesti\u00f3 i control del correu electr\u00f2nic aix\u00ed com l\u2019agenda de contactes aix\u00ed com l\u2019enviament d\u2019informaci\u00f3 sobre ofertes i promocions i atendre la seva petici\u00f3. Aquestes dades no seran transmesos a terceres persones i seran conservats sempre que sigui imprescindible o leg\u00edtim per la finalitat que es van captar.<\/p>\n<p>En qualsevol cas podr\u00e0 indicar la revocaci\u00f3 del consentiment atorgat, aix\u00ed com exercitar els drets d\u2019acc\u00e9s, rectificaci\u00f3 o supressi\u00f3, la limitaci\u00f3 del tractament o oposar-se, aix\u00ed com el dret a la portabilitat de les dades. Aquestes peticions ser\u00e0 necessari que es realitzin en Carrer de l\u2019Escola, 53, 43897 CAMPRED\u00d3 (TARRAGONA) o b\u00e9 enviant un correu electr\u00f2nic en: info@citricsterresdelebre.com.<\/p>\n<p>Aix\u00ed mateix podr\u00e0 presentar una reclamaci\u00f3 davant l\u2019Ag\u00e8ncia Espanyola de Protecci\u00f3 de Dades.<\/p>\n<h2>PROPIETAT INDUSTRIAL I INTEL\u00b7LECTUAL<\/h2>\n<p>Aquesta web \u00e9s propietat de CITRICS TERRES DE L\u2019EBRE, S.A.T.. Els drets de Propietat Intel\u00b7lectual i drets d\u2019explotaci\u00f3 i reproducci\u00f3 d\u2019aquesta web, de les seves p\u00e0gines, pantalles, la Informaci\u00f3 que contenen, la seva aparen\u00e7a i disseny, aix\u00ed com els vincles (\u00abhiperlinks\u00bb) que s\u2019estableixin des d\u2019ella a altres p\u00e0gines web de qualsevol societat filial i\/o dominada de CITRICS TERRES DE L\u2019EBRE, S.A.T., s\u00f3n propietat exclusiva d\u2019aquesta, tret que expressament s\u2019especifiqui una altra cosa.<\/p>\n<p>Qualsevol denominaci\u00f3, disseny i\/o logotip, aix\u00ed com qualsevol producte o servei oferts i reflectits en aquesta p\u00e0gina web, s\u00f3n marques degudament registrades per CITRICS TERRES DE L\u2019EBRE, S.A.T., per les seves societats filials i\/o dominades o per tercers.<\/p>\n<p>Qualsevol \u00fas indegut de les mateixes per persones diferents del seu leg\u00edtim titular i sense el consentiment expr\u00e9s i inequ\u00edvoc per part d\u2019aquest podr\u00e0 ser denunciat i perseguit a trav\u00e9s de tots els mig legals existents en l\u2019Ordenament Jur\u00eddic espanyol i\/o comunitari.<\/p>\n<p>Els drets de propietat intel\u00b7lectual i marques de tercers estan destacats convenientment i han de ser respectats per tot aquell que accedeixi a aquesta p\u00e0gina, no sent responsabilitat de CITRICS TERRES DE L\u2019EBRE, S.A.T.\u00a0l\u2019\u00fas que L\u2019USUARI pugui dur a terme sobre aquest tema, recaient la responsabilitat exclusiva en la seva persona.<\/p>\n<p>Nom\u00e9s per a \u00fas personal i privat es permet descarregar els continguts, copiar o imprimir qualsevol p\u00e0gina d\u2019aquesta web. Queda prohibit reproduir, transmetre, modificar o suprimir la informaci\u00f3, contingut o advertiments d\u2019aquesta web sense la pr\u00e8via autoritzaci\u00f3 per escrit de CITRICS TERRES DE L\u2019EBRE, S.A.T..<\/p>\n<p>CITRICS TERRES DE L\u2019EBRE, S.A.T. no transfereix als usuaris la propietat del seu programari. L\u2019usuari \u00e9s el propietari del suport en el qual el programari \u00e9s gravat. CITRICS TERRES DE L\u2019EBRE, S.A.T.\u00a0posseeix tots els drets de propietat industrial i intel\u00b7lectual, incloent el programari. Si l\u2019usuari transfereix el programari d\u2019aquest website a la seva terminal, no podr\u00e0 disseccionar per al seu estudi i descompilar, traduir la versi\u00f3 del codi objecte original o el seu llenguatge a un altre codi o llenguatge.<\/p>\n<h2>LLEI APLICABLE I JURISDICCI\u00d3<\/h2>\n<p>Les presents condicions generals es regeixen per la Legislaci\u00f3 espanyola, sent competents els Jutjats i Tribunals espanyols per a con\u00e8ixer de quantes q\u00fcestions se suscitin sobre la interpretaci\u00f3, aplicaci\u00f3 e compliment d\u2019aquestes. L\u2019USUARI, per virtut de la seva acceptaci\u00f3 a les condicions generals recollides en aquest av\u00eds legal, ren\u00fancia expressament a qualsevol fur que, per aplicaci\u00f3 de la Llei d\u2019Enjudiciament Civil vigent pogu\u00e9s correspondre\u2019ls[\/vc_column_text][\/vc_column][\/vc_row]<\/p>\n<\/div>","protected":false},"excerpt":{"rendered":"<p>[vc_row wrap_container=&#8221;yes&#8221; el_class=&#8221;p-t-xxl p-b-md&#8221;][vc_column][vc_column_text] INFORMACI\u00d3 LEGAL LSSIYCE D\u2019acord amb les obligacions previstes en la Llei 34\/2002, de serveis de la Societat de la Informaci\u00f3 i del comer\u00e7 electr\u00f2nic (d\u2019ara endavant LSSIYCE), CITRICS TERRES DE L\u2019EBRE, S.A.T. manifesta que el domini www.citricsterresdelebre.com \u00e9s propietat de CITRICS TERRES DE L\u2019EBRE, S.A.T. amb CIF V43923614, i domicili en: [&hellip;]<\/p>\n","protected":false},"author":1,"featured_media":0,"parent":0,"menu_order":0,"comment_status":"closed","ping_status":"closed","template":"","meta":{"footnotes":""},"class_list":["post-4541","page","type-page","status-publish","hentry"],"_links":{"self":[{"href":"https:\/\/citricsterresdelebre.com\/en\/wp-json\/wp\/v2\/pages\/4541","targetHints":{"allow":["GET"]}}],"collection":[{"href":"https:\/\/citricsterresdelebre.com\/en\/wp-json\/wp\/v2\/pages"}],"about":[{"href":"https:\/\/citricsterresdelebre.com\/en\/wp-json\/wp\/v2\/types\/page"}],"author":[{"embeddable":true,"href":"https:\/\/citricsterresdelebre.com\/en\/wp-json\/wp\/v2\/users\/1"}],"replies":[{"embeddable":true,"href":"https:\/\/citricsterresdelebre.com\/en\/wp-json\/wp\/v2\/comments?post=4541"}],"version-history":[{"count":0,"href":"https:\/\/citricsterresdelebre.com\/en\/wp-json\/wp\/v2\/pages\/4541\/revisions"}],"wp:attachment":[{"href":"https:\/\/citricsterresdelebre.com\/en\/wp-json\/wp\/v2\/media?parent=4541"}],"curies":[{"name":"wp","href":"https:\/\/api.w.org\/{rel}","templated":true}]}}