{"id":4539,"date":"2021-10-19T16:57:37","date_gmt":"2021-10-19T14:57:37","guid":{"rendered":"https:\/\/citricsterresdelebre.com\/cookies-advice\/"},"modified":"2021-10-19T16:57:37","modified_gmt":"2021-10-19T14:57:37","slug":"cookies-advice","status":"publish","type":"page","link":"https:\/\/citricsterresdelebre.com\/en\/cookies-advice\/","title":{"rendered":"Cookies Advice"},"content":{"rendered":"<div class=\"wpb-content-wrapper\"><p>[vc_row wrap_container=&#8221;yes&#8221; el_class=&#8221;p-t-xxl p-b-md&#8221;][vc_column][vc_column_text]Els informem que per a un correcte funcionament de la web https:\/\/citricsterresdelebre.com, el sistema de navegaci\u00f3 utilitza algunes dades de navegaci\u00f3 (\u201cCookies\u201d) per a poder oferir un servei m\u00e9s personalitzat als usuaris de la web. Les \u201cCookies\u201d s\u00f3n petits arxius de text que el navegador guarda quan es navega per p\u00e0gines web i aplicacions. Es pot obtenir la informaci\u00f3 de l\u2019adre\u00e7a IP que utilitza l\u2019ordinador per a connectar-se a la p\u00e0gina web, l\u2019adre\u00e7a URL de la p\u00e0gina web sol\u00b7licitada, l\u2019hora de la connexi\u00f3 i altres par\u00e0metres relatius al sistema operatiu de l\u2019entorn inform\u00e0tic de l\u2019usuari. Aquesta informaci\u00f3 tan sols es recull per a identificar la sessi\u00f3 amb l\u2019objectiu de facilitar l\u2019an\u00e0lisi de la p\u00e0gina web.<\/p>\n<p>CITRICS TERRES DE L&#8217;EBRE, S.A.T. en el seu web\u00a0 utilitza \u201ccookies\u201d de tercers:<\/p>\n<ul>\n<li>Cookies anal\u00edtiques : i en concret de\u00a0Google\u00a0Analytics; que \u00e9s un servei d\u2019estad\u00edstiques de p\u00e0gines web que ofereix Google, Inc. Google\u00a0Analytics\u00a0recull informaci\u00f3 de l\u2019equip de l\u2019usuari per a obtenir\u00a0 informes sobre l\u2019activitat de l\u2019aplicaci\u00f3; guardant la informaci\u00f3 emmagatzemada en servidors dels Estats Units.<\/li>\n<\/ul>\n<p>S\u2019informa l\u2019usuari que Google podr\u00e0 transmetre aquesta informaci\u00f3 a tercers quan aix\u00ed ho requereixi la llei, o quan aquests tercers processin la informaci\u00f3 per compte de Google. Google no associar\u00e0 l\u2019adre\u00e7a d\u2019IP de l\u2019usuari amb una altra dada de qu\u00e8 disposin, i per tant ho faran totalment de forma an\u00f2nima.<\/p>\n<p>Per a refusar o eliminar aquesta \u201ccookie\u201d\u00a0es pot consultar la seg\u00fcent adre\u00e7a:<\/p>\n<p><a href=\"http:\/\/www.google.com\/intl\/ca\/policies\/privacy\/\" target=\"_blank\" rel=\"noopener noreferrer\">http:\/\/www.google.com\/intl\/ca\/policies\/privacy\/<\/a><\/p>\n<p><a href=\"http:\/\/www.google.com\/intl\/en\/privacypolicy.html\" target=\"_blank\" rel=\"noopener noreferrer\">http:\/\/www.google.com\/intl\/en\/privacypolicy.html<\/a><\/p>\n<p>En virtut de la normativa de Protecci\u00f3 de Dades de Car\u00e0cter Personal, per la present autoritza al fet que les dades personals facilitades siguin incorporats en un fitxer denominat Xarxes socials i m\u00e0rqueting\u00a0 responsabilitat de CITRICS TERRES DE L&#8217;EBRE, S.A.T., NIF: V43923614.<\/p>\n<p>La finalitat d\u2019aquest tractament \u00e9s la gesti\u00f3 i control de les xarxes socials que es disposen aix\u00ed com dels usuaris que\u00a0interactuan\u00a0en la web i la informaci\u00f3 que s\u2019obt\u00e9. Aquestes dades\u00a0 seran transmeses\u00a0 per les empreses gestores de les cookies i seran conservats d\u2019acord als par\u00e0metres d\u2019aquestes entitats.<\/p>\n<p>En qualsevol cas podr\u00e0 indicar la revocaci\u00f3 del consentiment atorgat, aix\u00ed com exercitar els drets d\u2019acc\u00e9s, rectificaci\u00f3 o supressi\u00f3, la limitaci\u00f3 del tractament o oposar-se, aix\u00ed com el dret a la portabilitat de les dades. Aquestes peticions ser\u00e0 necessari que es realitzin en: Carrer de l&#8217;Escola, 53, 43897 CAMPRED\u00d3 (TARRAGONA).<\/p>\n<p>Aix\u00ed mateix podr\u00e0 presentar una reclamaci\u00f3 davant l\u2019Ag\u00e8ncia Espanyola de Protecci\u00f3 de Dades.<\/p>\n<p>&nbsp;<\/p>\n<h4>DESACTIVACI\u00d3 I BLOQUEIG DE LES COOKIES<\/h4>\n<p>En qualsevol cas, l\u2019usuari pot habilitar l\u2019opci\u00f3 del seu propi sistema de navegaci\u00f3 per a no permetre la instal\u00b7laci\u00f3 de cookies; sense que en cap cas CITRICS TERRES DE L&#8217;EBRE, S.A.T. pugui ser responsable que la inhabilitaci\u00f3 de Cookies comporti que alguns dels serveis que ofereix aquesta web no funcioni correctament.<\/p>\n<p>En els seg\u00fcents enlla\u00e7os, podr\u00e0 trobar instruccions que l\u2019ajudaran a configurar els ajustos dels principals navegadors m\u00e9s utilitzats.<\/p>\n<p>&nbsp;<\/p>\n<table>\n<tbody>\n<tr>\n<td width=\"115\">Internet Explorer:<\/td>\n<td width=\"492\"><a href=\"https:\/\/support.microsoft.com\/es-es\/help\/17442\/windows-internet-explorer-delete-manage-cookies\" target=\"_blank\" rel=\"noopener noreferrer\">https:\/\/support.microsoft.com\/es-es\/help\/17442\/windows-internet-explorer-delete-manage-cookies<\/a><\/td>\n<\/tr>\n<tr>\n<td width=\"115\">Google Chrome:<\/td>\n<td width=\"492\"><a href=\"https:\/\/support.google.com\/chrome\/answer\/95647?hl=es\" target=\"_blank\" rel=\"noopener noreferrer\">https:\/\/support.google.com\/chrome\/answer\/95647?hl=es<\/a><\/td>\n<\/tr>\n<tr>\n<td width=\"115\">Mozilla Firefox:<\/td>\n<td width=\"492\"><a href=\"https:\/\/support.mozilla.org\/t5\/Cookies-y-cach%C3%A9\/Habilitar-y-deshabilitar-cookies-que-los-sitios-web-utilizan\/ta-p\/13811\" target=\"_blank\" rel=\"noopener noreferrer\">https:\/\/support.mozilla.org\/t5\/Cookies-y-cach%C3%A9\/Habilitar-y-deshabilitar-cookies-que-los-sitios-web-utilizan\/ta-p\/13811<\/a><\/td>\n<\/tr>\n<tr>\n<td width=\"115\">Safari:<\/td>\n<td width=\"492\"><a href=\"https:\/\/support.apple.com\/kb\/ph21411?locale=es_ES\" target=\"_blank\" rel=\"noopener noreferrer\">https:\/\/support.apple.com\/kb\/ph21411?locale=es_ES<\/a><\/td>\n<\/tr>\n<tr>\n<td width=\"115\">Safari para IOS (Iphone, IPad):<\/td>\n<td width=\"492\"><a href=\"http:\/\/support.apple.com\/kb\/ht1677?viewlocale=es_es&amp;locale=es_es\" target=\"_blank\" rel=\"noopener noreferrer\">http:\/\/support.apple.com\/kb\/ht1677?viewlocale=es_es&amp;locale=es_es<\/a><\/td>\n<\/tr>\n<tr>\n<td width=\"115\">Chrome para Android:<\/td>\n<td width=\"492\"><a href=\"https:\/\/support.google.com\/chrome\/answer\/2392971?hl=es\" target=\"_blank\" rel=\"noopener noreferrer\">https:\/\/support.google.com\/chrome\/answer\/2392971?hl=es<\/a><\/td>\n<\/tr>\n<\/tbody>\n<\/table>\n<p>Si desitja m\u00e9s informaci\u00f3 sobre les cookies i la seva manera de deshabilitar-les segons el seu sistema de navegaci\u00f3 pot consultar els seg\u00fcents ENLLA\u00c7OS:\u00a0<a href=\"http:\/\/www.aboutcookies.org\/\" target=\"_blank\" rel=\"noopener noreferrer\">www.aboutcookies.org<\/a>\u00a0y\u00a0<a href=\"http:\/\/www.aboutcookies.org\/Default.aspx?page=1\" target=\"_blank\" rel=\"noopener noreferrer\">http:\/\/www.aboutcookies.org\/Default.aspx?page=1<\/a><\/p>\n<p>En cas contrari, i havent informat CITRICS TERRES DE L&#8217;EBRE, S.A.T. de l\u2019\u00fas de cookies, i sense que aquestes hagin estat inhabilitades implica que l\u2019usuari d\u00f3na\u00a0 el seu consentiment al tractament de dades per Google en la forma prevista en aquest av\u00eds i per a les finalitats aqu\u00ed descrites.<\/p>\n<p>En cas de dubte o de qualsevol comentari, es pot dirigir a CITRICS TERRES DE L&#8217;EBRE, S.A.T. a trav\u00e9s dels seus mitjans d\u2019atenci\u00f3 al p\u00fablic o b\u00e9 comunicar-se amb nosaltres a trav\u00e9s de: info@citricsterresdelebre.com.[\/vc_column_text][\/vc_column][\/vc_row]<\/p>\n<\/div>","protected":false},"excerpt":{"rendered":"<p>[vc_row wrap_container=&#8221;yes&#8221; el_class=&#8221;p-t-xxl p-b-md&#8221;][vc_column][vc_column_text]Els informem que per a un correcte funcionament de la web https:\/\/citricsterresdelebre.com, el sistema de navegaci\u00f3 utilitza algunes dades de navegaci\u00f3 (\u201cCookies\u201d) per a poder oferir un servei m\u00e9s personalitzat als usuaris de la web. Les \u201cCookies\u201d s\u00f3n petits arxius de text que el navegador guarda quan es navega per p\u00e0gines web [&hellip;]<\/p>\n","protected":false},"author":1,"featured_media":0,"parent":0,"menu_order":0,"comment_status":"closed","ping_status":"closed","template":"","meta":{"footnotes":""},"class_list":["post-4539","page","type-page","status-publish","hentry"],"_links":{"self":[{"href":"https:\/\/citricsterresdelebre.com\/en\/wp-json\/wp\/v2\/pages\/4539","targetHints":{"allow":["GET"]}}],"collection":[{"href":"https:\/\/citricsterresdelebre.com\/en\/wp-json\/wp\/v2\/pages"}],"about":[{"href":"https:\/\/citricsterresdelebre.com\/en\/wp-json\/wp\/v2\/types\/page"}],"author":[{"embeddable":true,"href":"https:\/\/citricsterresdelebre.com\/en\/wp-json\/wp\/v2\/users\/1"}],"replies":[{"embeddable":true,"href":"https:\/\/citricsterresdelebre.com\/en\/wp-json\/wp\/v2\/comments?post=4539"}],"version-history":[{"count":0,"href":"https:\/\/citricsterresdelebre.com\/en\/wp-json\/wp\/v2\/pages\/4539\/revisions"}],"wp:attachment":[{"href":"https:\/\/citricsterresdelebre.com\/en\/wp-json\/wp\/v2\/media?parent=4539"}],"curies":[{"name":"wp","href":"https:\/\/api.w.org\/{rel}","templated":true}]}}